{"id":4229,"date":"2022-08-10T01:44:48","date_gmt":"2022-08-10T01:44:48","guid":{"rendered":"http:\/\/rsfc.itbey.com\/?page_id=4229"},"modified":"2023-08-11T15:14:01","modified_gmt":"2023-08-11T15:14:01","slug":"ship-risk-profile","status":"publish","type":"page","link":"http:\/\/abujamou.org\/es\/amou\/perfil-de-riesgo-del-buque\/","title":{"rendered":"Perfil de riesgo del buque"},"content":{"rendered":"<p>Todos los barcos en el sistema de informaci\u00f3n se asignan como de alto, est\u00e1ndar o bajo riesgo seg\u00fan par\u00e1metros gen\u00e9ricos e hist\u00f3ricos. La Tabla 1 muestra los criterios dentro de cada par\u00e1metro para cada perfil de riesgo de buque. Cada criterio tiene una ponderaci\u00f3n que refleja la influencia relativa de cada par\u00e1metro en el riesgo global del buque. Los buques de alto riesgo (HRS) son buques que cumplen los criterios con un valor total de 4 o m\u00e1s puntos de ponderaci\u00f3n. Los Buques de Bajo Riesgo (LRS) son buques que cumplen con todos los criterios de los Par\u00e1metros de Bajo Riesgo y han tenido al menos una inspecci\u00f3n en los 36 meses anteriores. Los buques de riesgo est\u00e1ndar (SRS) son buques que no son ni HRS ni LRS. El perfil de riesgo de un barco se recalcula diaria o semanalmente teniendo en cuenta los cambios en los par\u00e1metros m\u00e1s din\u00e1micos como la edad, el historial de 36 meses y el desempe\u00f1o de la empresa.<\/p>\n<p>Ver <a href=\"https:\/\/abujamou.org\/wp-content\/uploads\/2023\/03\/Annex-7-8-NEW-INSPECTION-REGIME-NIR-Ship-Risk-Profile-Selection-Scheme.pdf\">Anexo 7 del MoU de Abuja<\/a> env\u00ede un mensaje de texto para leer m\u00e1s sobre el perfil de riesgo del buque.<\/p>\n<p>&nbsp;<\/p>","protected":false},"excerpt":{"rendered":"<p>All ships in the information system are assigned as high, standard or low risk based on generic and historic parameters&#8230;.<\/p>","protected":false},"author":1,"featured_media":0,"parent":4227,"menu_order":0,"comment_status":"closed","ping_status":"closed","template":"page-ship-risk-profile.php","meta":{"footnotes":""},"class_list":["post-4229","page","type-page","status-publish","hentry"],"acf":[],"_links":{"self":[{"href":"http:\/\/abujamou.org\/es\/wp-json\/wp\/v2\/pages\/4229","targetHints":{"allow":["GET"]}}],"collection":[{"href":"http:\/\/abujamou.org\/es\/wp-json\/wp\/v2\/pages"}],"about":[{"href":"http:\/\/abujamou.org\/es\/wp-json\/wp\/v2\/types\/page"}],"author":[{"embeddable":true,"href":"http:\/\/abujamou.org\/es\/wp-json\/wp\/v2\/users\/1"}],"replies":[{"embeddable":true,"href":"http:\/\/abujamou.org\/es\/wp-json\/wp\/v2\/comments?post=4229"}],"version-history":[{"count":5,"href":"http:\/\/abujamou.org\/es\/wp-json\/wp\/v2\/pages\/4229\/revisions"}],"predecessor-version":[{"id":4615,"href":"http:\/\/abujamou.org\/es\/wp-json\/wp\/v2\/pages\/4229\/revisions\/4615"}],"up":[{"embeddable":true,"href":"http:\/\/abujamou.org\/es\/wp-json\/wp\/v2\/pages\/4227"}],"wp:attachment":[{"href":"http:\/\/abujamou.org\/es\/wp-json\/wp\/v2\/media?parent=4229"}],"curies":[{"name":"wp","href":"https:\/\/api.w.org\/{rel}","templated":true}]}}