{"id":4201,"date":"2022-08-10T01:35:54","date_gmt":"2022-08-10T01:35:54","guid":{"rendered":"http:\/\/rsfc.itbey.com\/?page_id=4201"},"modified":"2023-08-02T14:09:42","modified_gmt":"2023-08-02T14:09:42","slug":"secretariat","status":"publish","type":"page","link":"http:\/\/abujamou.org\/fr\/about\/secretariat\/","title":{"rendered":"Secr\u00e9tariat"},"content":{"rendered":"<p>Le secr\u00e9tariat du protocole d&#039;accord d&#039;Abuja est dirig\u00e9 par un secr\u00e9taire g\u00e9n\u00e9ral et h\u00e9berg\u00e9 par le gouvernement de la R\u00e9publique f\u00e9d\u00e9rale du Nig\u00e9ria. En vertu de l&#039;accord de si\u00e8ge entre le protocole d&#039;accord d&#039;Abuja et le gouvernement de la R\u00e9publique f\u00e9d\u00e9rale du Nig\u00e9ria sign\u00e9 en 2005, le secr\u00e9tariat du protocole d&#039;accord d&#039;Abuja est situ\u00e9 \u00e0 Lagos, au Nig\u00e9ria.<\/p>\n<p>L&#039;une des principales t\u00e2ches du Secr\u00e9tariat est de fournir un soutien et des conseils aux \u00c9tats membres sur la mise en \u0153uvre des pratiques et proc\u00e9dures harmonis\u00e9es d&#039;inspection du contr\u00f4le par l&#039;\u00c9tat du port, de rassembler les rapports d&#039;inspection, d&#039;organiser les r\u00e9unions du Bureau, la Conf\u00e9rence minist\u00e9rielle, les r\u00e9unions du Comit\u00e9, le Groupe de travail intersessions sur la gestion. R\u00e9unions et autres r\u00e9unions pertinentes de temps \u00e0 autre.<\/p>\n<p>Le Secr\u00e9tariat facilite \u00e9galement l&#039;\u00e9change et le partage d&#039;informations, la formation et les ateliers ; et la pr\u00e9paration de rapports annuels pour n&#039;en citer que quelques-uns.<\/p>","protected":false},"excerpt":{"rendered":"<p>The Secretariat of the Abuja MoU is headed by a Secretary General and hosted by the Government of Federal Republic&#8230;<\/p>","protected":false},"author":1,"featured_media":0,"parent":46,"menu_order":0,"comment_status":"closed","ping_status":"closed","template":"page-secretariat.php","meta":{"footnotes":""},"class_list":["post-4201","page","type-page","status-publish","hentry"],"acf":[],"_links":{"self":[{"href":"http:\/\/abujamou.org\/fr\/wp-json\/wp\/v2\/pages\/4201","targetHints":{"allow":["GET"]}}],"collection":[{"href":"http:\/\/abujamou.org\/fr\/wp-json\/wp\/v2\/pages"}],"about":[{"href":"http:\/\/abujamou.org\/fr\/wp-json\/wp\/v2\/types\/page"}],"author":[{"embeddable":true,"href":"http:\/\/abujamou.org\/fr\/wp-json\/wp\/v2\/users\/1"}],"replies":[{"embeddable":true,"href":"http:\/\/abujamou.org\/fr\/wp-json\/wp\/v2\/comments?post=4201"}],"version-history":[{"count":3,"href":"http:\/\/abujamou.org\/fr\/wp-json\/wp\/v2\/pages\/4201\/revisions"}],"predecessor-version":[{"id":4598,"href":"http:\/\/abujamou.org\/fr\/wp-json\/wp\/v2\/pages\/4201\/revisions\/4598"}],"up":[{"embeddable":true,"href":"http:\/\/abujamou.org\/fr\/wp-json\/wp\/v2\/pages\/46"}],"wp:attachment":[{"href":"http:\/\/abujamou.org\/fr\/wp-json\/wp\/v2\/media?parent=4201"}],"curies":[{"name":"wp","href":"https:\/\/api.w.org\/{rel}","templated":true}]}}