{"id":4204,"date":"2022-08-10T01:39:00","date_gmt":"2022-08-10T01:39:00","guid":{"rendered":"http:\/\/rsfc.itbey.com\/?page_id=4204"},"modified":"2023-08-02T12:47:24","modified_gmt":"2023-08-02T12:47:24","slug":"structure","status":"publish","type":"page","link":"http:\/\/abujamou.org\/fr\/about\/structure\/","title":{"rendered":"Structure"},"content":{"rendered":"<p><img loading=\"lazy\" decoding=\"async\" class=\"alignnone wp-image-4310 size-full\" src=\"http:\/\/rsfc.itbey.com\/wp-content\/uploads\/2022\/10\/Organ.png\" alt=\"\" width=\"3800\" height=\"3100\" \/><\/p>\n<h2>Conf\u00e9rence minist\u00e9rielle<\/h2>\n<p>La Conf\u00e9rence minist\u00e9rielle du MoU d&#039;Abuja est constitu\u00e9e de tous les ministres en charge du transport maritime dont les administrations maritimes sont membres \u00e0 part enti\u00e8re du MoU d&#039;Abuja et constitue l&#039;organe d\u00e9cisionnel le plus \u00e9lev\u00e9 du MoU d&#039;Abuja.\u00a0<span class=\"v1SpellE\">Protocole d&#039;accord<\/span>.<\/p>\n<h2>Le bureau<\/h2>\n<p>Le Bureau est compos\u00e9 des ministres en charge des transports maritimes de cinq (5) \u00c9tats membres \u00e0 part enti\u00e8re du MoU d&#039;Abuja. Le Bureau fournit des orientations g\u00e9n\u00e9rales au Comit\u00e9 sur les questions li\u00e9es \u00e0 la mise en \u0153uvre efficace du MoU et approuve les recommandations du Comit\u00e9.<\/p>\n<h2>Le Comit\u00e9<\/h2>\n<p>Le Comit\u00e9 du MoU d&#039;Abuja est constitu\u00e9 de repr\u00e9sentants de chacune des autorit\u00e9s\/administrations maritimes parties au M\u00e9morandum. La fonction du Comit\u00e9 est de superviser la mise en \u0153uvre g\u00e9n\u00e9rale du protocole d&#039;accord et d&#039;ex\u00e9cuter les t\u00e2ches sp\u00e9cifiques qui lui sont assign\u00e9es dans le cadre du protocole d&#039;accord.<\/p>\n<h2>Groupe de travail sur la gestion intersessions<\/h2>\n<p>Le groupe de travail intersessions sur la gestion (AMoU ISMWG) a \u00e9t\u00e9 cr\u00e9\u00e9 pour aider le comit\u00e9 \u00e0 se concentrer sur les questions cl\u00e9s et pour diriger le secr\u00e9tariat de l&#039;AMoU entre les r\u00e9unions du comit\u00e9. L&#039;ISMWG se r\u00e9unira au moins deux fois par an et \u00e0 tout autre moment que le pr\u00e9sident de l&#039;ISMWG jugera n\u00e9cessaire. <\/p>","protected":false},"excerpt":{"rendered":"<p>Ministerial Conference The Ministerial Conference of Abuja MoU is constituted by all Ministers in charge of maritime transport whose maritime&#8230;<\/p>","protected":false},"author":1,"featured_media":0,"parent":46,"menu_order":0,"comment_status":"closed","ping_status":"closed","template":"page-org-structure.php","meta":{"footnotes":""},"class_list":["post-4204","page","type-page","status-publish","hentry"],"acf":[],"_links":{"self":[{"href":"http:\/\/abujamou.org\/fr\/wp-json\/wp\/v2\/pages\/4204","targetHints":{"allow":["GET"]}}],"collection":[{"href":"http:\/\/abujamou.org\/fr\/wp-json\/wp\/v2\/pages"}],"about":[{"href":"http:\/\/abujamou.org\/fr\/wp-json\/wp\/v2\/types\/page"}],"author":[{"embeddable":true,"href":"http:\/\/abujamou.org\/fr\/wp-json\/wp\/v2\/users\/1"}],"replies":[{"embeddable":true,"href":"http:\/\/abujamou.org\/fr\/wp-json\/wp\/v2\/comments?post=4204"}],"version-history":[{"count":3,"href":"http:\/\/abujamou.org\/fr\/wp-json\/wp\/v2\/pages\/4204\/revisions"}],"predecessor-version":[{"id":4595,"href":"http:\/\/abujamou.org\/fr\/wp-json\/wp\/v2\/pages\/4204\/revisions\/4595"}],"up":[{"embeddable":true,"href":"http:\/\/abujamou.org\/fr\/wp-json\/wp\/v2\/pages\/46"}],"wp:attachment":[{"href":"http:\/\/abujamou.org\/fr\/wp-json\/wp\/v2\/media?parent=4204"}],"curies":[{"name":"wp","href":"https:\/\/api.w.org\/{rel}","templated":true}]}}