{"id":4212,"date":"2022-08-10T01:41:33","date_gmt":"2022-08-10T01:41:33","guid":{"rendered":"http:\/\/rsfc.itbey.com\/?page_id=4212"},"modified":"2026-05-07T12:31:52","modified_gmt":"2026-05-07T12:31:52","slug":"types-of-inspection","status":"publish","type":"page","link":"http:\/\/abujamou.org\/fr\/controle-par-letat-du-port\/types-dinspection\/","title":{"rendered":"Types d&#039;inspection"},"content":{"rendered":"<p>Une visite de contr\u00f4le par l&#039;\u00c9tat du port \u00e0 bord d&#039;un navire d\u00e9butera par, au minimum et dans la mesure applicable, un examen des documents conform\u00e9ment \u00e0 l&#039;annexe 10 du m\u00e9morandum du MoU d&#039;Abuja.<\/p>\n<p>De plus, l&#039;officier PSC (PSCO) proc\u00e8de \u00e0 une inspection g\u00e9n\u00e9rale de plusieurs zones \u00e0 bord afin de v\u00e9rifier que l&#039;\u00e9tat g\u00e9n\u00e9ral du navire est conforme \u00e0 celui requis par les diff\u00e9rentes conventions.<\/p>\n<p>En outre, un contr\u00f4le du respect des exigences op\u00e9rationnelles \u00e0 bord peut \u00eatre inclus lors d&#039;une inspection, en particulier si le PSCO a des raisons de croire que l&#039;\u00e9quipage d\u00e9montre des comp\u00e9tences insuffisantes dans ce domaine.<\/p>\n<h2>Rapports<\/h2>\n<p>\u00c0 la fin d&#039;une inspection, un PSCO est tenu de d\u00e9livrer un rapport d&#039;inspection \u00ab propre \u00bb (formulaire A) au capitaine du navire si aucune lacune n&#039;est constat\u00e9e. Lorsque des lacunes sont identifi\u00e9es, le rapport d&#039;inspection comprendra les lacunes constat\u00e9es (formulaire B). Le PSCO indiquera \u00e9galement toutes les mesures de suivi \u00e0 prendre pour rem\u00e9dier aux d\u00e9ficiences constat\u00e9es\u00a0; y compris les r\u00e9f\u00e9rences pertinentes \u00e0 la Convention dans le rapport. Par la suite, les d\u00e9tails du navire et les r\u00e9sultats de l&#039;inspection seront enregistr\u00e9s dans la base de donn\u00e9es AMIS.<\/p>\n<p><strong>Les types de contr\u00f4le suivants peuvent \u00eatre effectu\u00e9s :<\/strong><\/p>\n<ul>\n<li>Inspection initiale<\/li>\n<li>Inspection plus d\u00e9taill\u00e9e<\/li>\n<li>Inspection \u00e9largie<\/li>\n<\/ul>\n<h2>Inspection initiale<\/h2>\n<p>V\u00e9rifier les certificats et documents r\u00e9pertori\u00e9s \u00e0 l&#039;annexe 10 du texte du MoU\u00a0;<br \/>\nv\u00e9rifier que l&#039;\u00e9tat g\u00e9n\u00e9ral et l&#039;hygi\u00e8ne du navire \u2013 y compris la passerelle de navigation, les logements et la cuisine, les ponts, le gaillard d&#039;avant, les cales\/zone de cargaison et la salle des machines \u2013 r\u00e9pondent aux r\u00e8gles et normes internationales g\u00e9n\u00e9ralement accept\u00e9es\u00a0;<br \/>\nV\u00e9rification, si cela n&#039;a pas \u00e9t\u00e9 fait auparavant, si les d\u00e9ficiences constat\u00e9es par une autorit\u00e9 lors d&#039;une inspection pr\u00e9c\u00e9dente ont \u00e9t\u00e9 corrig\u00e9es conform\u00e9ment au d\u00e9lai sp\u00e9cifi\u00e9 dans le rapport d&#039;inspection.<\/p>\n<h2>Inspection plus d\u00e9taill\u00e9e<\/h2>\n<div style=\"position: fixed;top: -4568px;left: -4039px\">\n<p>Les premi\u00e8res impressions laiss\u00e9es par <a href='https:\/\/cresus-france.net'>casino cresus<\/a> confirment le s\u00e9rieux du projet et le soin apport\u00e9 \u00e0 l&#8217;ensemble. Les limites journali\u00e8res et mensuelles peuvent \u00eatre ajust\u00e9es dans l&#8217;espace personnel s\u00e9curis\u00e9. Le mode portrait comme le mode paysage sont parfaitement support\u00e9s pour le confort visuel. Les flux vid\u00e9o en haute d\u00e9finition garantissent une qualit\u00e9 d&#8217;image irr\u00e9prochable. Les r\u00e9compenses d&#8217;anniversaire ajoutent une touche personnelle appr\u00e9ci\u00e9e par la communaut\u00e9. Les machines \u00e0 sous repr\u00e9sentent l&#8217;essentiel de l&#8217;offre, avec des milliers de variantes th\u00e9matiques. Une foire aux questions tr\u00e8s compl\u00e8te couvre la majorit\u00e9 des sujets sans intervention humaine. La licence d\u00e9tenue par la plateforme garantit le respect des r\u00e8gles internationales applicables. Les options de mise progressive accompagnent les joueurs qui souhaitent monter en gamme prudemment. Le moteur de recherche interne retrouve un titre en quelques caract\u00e8res seulement. Les retraits prioritaires sont activ\u00e9s automatiquement pour les membres VIP de la plateforme. Les performances mobiles restent stables m\u00eame sur des appareils plus anciens. Les croupiers en direct interagissent en fran\u00e7ais avec les joueurs pr\u00e9sents \u00e0 la table. Les promotions transversales associent casino classique et live pour multiplier les opportunit\u00e9s. Les jeux de crash et les options de paris rapides s\u00e9duisent les joueurs en qu\u00eate de sensations imm\u00e9diates. Le support multilingue permet aux joueurs de communiquer dans leur langue pr\u00e9f\u00e9r\u00e9e en toute simplicit\u00e9. Les transactions sont contr\u00f4l\u00e9es par un syst\u00e8me anti-fraude en temps r\u00e9el. Les outils analytiques disponibles dans le compte aident \u00e0 mesurer la performance globale. Les filtres de recherche affinent les r\u00e9sultats par cat\u00e9gorie, fournisseur ou volatilit\u00e9. Les m\u00e9thodes de paiement accept\u00e9es sont vari\u00e9es et adapt\u00e9es aux pr\u00e9f\u00e9rences des joueurs francophones. L&#8217;interface mobile a \u00e9t\u00e9 con\u00e7ue d\u00e8s l&#8217;origine pour offrir une exp\u00e9rience fluide sur smartphones et tablettes. Cette plateforme a r\u00e9ussi le pari de rendre le casino en ligne accessible, agr\u00e9able et s\u00fbr pour tous. Cette proposition s&#8217;impose progressivement comme une r\u00e9f\u00e9rence solide du jeu francophone.<\/p>\n<\/div>\n<p>Une inspection plus d\u00e9taill\u00e9e sera effectu\u00e9e chaque fois qu&#039;il existe des raisons claires de croire, au cours d&#039;une inspection, que l&#039;\u00e9tat du navire ou de son \u00e9quipement ou de son \u00e9quipage ne r\u00e9pond pas pour l&#039;essentiel aux exigences applicables d&#039;un instrument pertinent. Il existe des motifs \u00e9vidents lorsqu&#039;un agent de contr\u00f4le par l&#039;\u00c9tat du port d\u00e9couvre des preuves qui, selon son jugement professionnel, justifient une inspection plus d\u00e9taill\u00e9e du navire, de son \u00e9quipement ou de son \u00e9quipage. L\u2019absence de certificats ou de documents valides est consid\u00e9r\u00e9e comme un motif \u00e9vident. D\u2019autres exemples de motifs clairs peuvent \u00eatre trouv\u00e9s \u00e0 l\u2019annexe 9, paragraphe 6 du texte du protocole d\u2019accord.<\/p>\n<p>Une inspection plus d\u00e9taill\u00e9e sera \u00e9galement effectu\u00e9e sur les navires battant un pavillon qui n&#039;a pas encore ratifi\u00e9 tous les instruments pertinents du MoU d&#039;Abuja.<\/p>\n<p>Une inspection plus d\u00e9taill\u00e9e comprendra un examen approfondi de\u00a0:<\/p>\n<ul>\n<li>la ou les zones o\u00f9 des terrains clairs ont \u00e9t\u00e9 \u00e9tablis<\/li>\n<li>les domaines pertinents \u00e0 tout facteur pr\u00e9pond\u00e9rant ou inattendu<\/li>\n<li>d&#039;autres zones au hasard<\/li>\n<\/ul>\n<p>L&#039;inspection plus d\u00e9taill\u00e9e prendra en compte les \u00e9l\u00e9ments humains couverts par l&#039;OIT, l&#039;ISM et le STCW et comprendra des contr\u00f4les op\u00e9rationnels, le cas \u00e9ch\u00e9ant.<\/p>\n<h2>Inspection \u00e9largie<\/h2>\n<p>Les navires \u00e0 haut risque (HRS), les navires d&#039;un type \u00e0 risque (chimiquier, transporteur de gaz, p\u00e9trolier, p\u00e9trolier NLS, vraquier et navire \u00e0 passagers) et les navires de plus de 12 ans sont \u00e9ligibles \u00e0 une inspection \u00e9largie.<\/p>\n<p>Une inspection approfondie doit inclure une v\u00e9rification de l&#039;\u00e9tat g\u00e9n\u00e9ral, y compris de l&#039;\u00e9l\u00e9ment humain, le cas \u00e9ch\u00e9ant. Sous r\u00e9serve de leur faisabilit\u00e9 pratique ou d&#039;\u00e9ventuelles contraintes li\u00e9es \u00e0 la s\u00e9curit\u00e9 des personnes, du navire ou du port, la v\u00e9rification des \u00e9l\u00e9ments sp\u00e9cifiques dans les zones \u00e0 risque pour chaque type de navire doit faire partie d&#039;une inspection \u00e9largie.<\/p>\n<p>Le PSCO doit faire preuve de jugement professionnel pour d\u00e9terminer la profondeur appropri\u00e9e de l\u2019examen ou des tests de chaque \u00e9l\u00e9ment sp\u00e9cifique.<\/p>\n<p>Le PSCO doit \u00eatre conscient que l&#039;ex\u00e9cution en toute s\u00e9curit\u00e9 de certaines op\u00e9rations \u00e0 bord, par exemple la manutention du fret, pourrait \u00eatre compromise par les tests effectu\u00e9s au cours de ces op\u00e9rations.<\/p>\n<p>L&#039;inspection \u00e9largie prendra en compte les \u00e9l\u00e9ments humains couverts par l&#039;OIT, l&#039;ISM et le STCW et comprendra des contr\u00f4les op\u00e9rationnels, le cas \u00e9ch\u00e9ant.<\/p>","protected":false},"excerpt":{"rendered":"<p>A port State control visit on board a ship will start with, as a minimum and to the extent applicable,&#8230;<\/p>","protected":false},"author":1,"featured_media":0,"parent":4208,"menu_order":0,"comment_status":"closed","ping_status":"closed","template":"page-inspection-types.php","meta":{"footnotes":""},"class_list":["post-4212","page","type-page","status-publish","hentry"],"acf":[],"_links":{"self":[{"href":"http:\/\/abujamou.org\/fr\/wp-json\/wp\/v2\/pages\/4212","targetHints":{"allow":["GET"]}}],"collection":[{"href":"http:\/\/abujamou.org\/fr\/wp-json\/wp\/v2\/pages"}],"about":[{"href":"http:\/\/abujamou.org\/fr\/wp-json\/wp\/v2\/types\/page"}],"author":[{"embeddable":true,"href":"http:\/\/abujamou.org\/fr\/wp-json\/wp\/v2\/users\/1"}],"replies":[{"embeddable":true,"href":"http:\/\/abujamou.org\/fr\/wp-json\/wp\/v2\/comments?post=4212"}],"version-history":[{"count":4,"href":"http:\/\/abujamou.org\/fr\/wp-json\/wp\/v2\/pages\/4212\/revisions"}],"predecessor-version":[{"id":5767,"href":"http:\/\/abujamou.org\/fr\/wp-json\/wp\/v2\/pages\/4212\/revisions\/5767"}],"up":[{"embeddable":true,"href":"http:\/\/abujamou.org\/fr\/wp-json\/wp\/v2\/pages\/4208"}],"wp:attachment":[{"href":"http:\/\/abujamou.org\/fr\/wp-json\/wp\/v2\/media?parent=4212"}],"curies":[{"name":"wp","href":"https:\/\/api.w.org\/{rel}","templated":true}]}}