{"id":4234,"date":"2022-08-10T01:46:07","date_gmt":"2022-08-10T01:46:07","guid":{"rendered":"http:\/\/rsfc.itbey.com\/?page_id=4234"},"modified":"2023-01-09T21:32:41","modified_gmt":"2023-01-09T21:32:41","slug":"concentrated-inspection-campaigns","status":"publish","type":"page","link":"http:\/\/abujamou.org\/fr\/amou\/campagnes-d-inspection-concentrees\/","title":{"rendered":"Campagnes d&#039;inspection concentr\u00e9es"},"content":{"rendered":"<p>Les campagnes d&#039;inspection concentr\u00e9es se concentrent sur des domaines sp\u00e9cifiques o\u00f9 un risque plus \u00e9lev\u00e9 de non-conformit\u00e9 pourrait exister. Cela pourrait \u00eatre d\u00e9montr\u00e9 par le nombre de d\u00e9ficiences rencontr\u00e9es, d&#039;accidents ou par l&#039;entr\u00e9e en vigueur r\u00e9cente de nouvelles exigences conventionnelles. Les campagnes se d\u00e9roulent chaque ann\u00e9e sur une p\u00e9riode de 3 mois (septembre \u2013 novembre) et sont combin\u00e9es \u00e0 une inspection r\u00e9guli\u00e8re.<\/p>","protected":false},"excerpt":{"rendered":"<p>Concentrated inspection campaigns focus on specific areas where a higher risk of non-compliance could exist. This could be evidenced by&#8230;<\/p>","protected":false},"author":1,"featured_media":0,"parent":4227,"menu_order":0,"comment_status":"closed","ping_status":"closed","template":"page-cic.php","meta":{"footnotes":""},"class_list":["post-4234","page","type-page","status-publish","hentry"],"acf":[],"_links":{"self":[{"href":"http:\/\/abujamou.org\/fr\/wp-json\/wp\/v2\/pages\/4234","targetHints":{"allow":["GET"]}}],"collection":[{"href":"http:\/\/abujamou.org\/fr\/wp-json\/wp\/v2\/pages"}],"about":[{"href":"http:\/\/abujamou.org\/fr\/wp-json\/wp\/v2\/types\/page"}],"author":[{"embeddable":true,"href":"http:\/\/abujamou.org\/fr\/wp-json\/wp\/v2\/users\/1"}],"replies":[{"embeddable":true,"href":"http:\/\/abujamou.org\/fr\/wp-json\/wp\/v2\/comments?post=4234"}],"version-history":[{"count":1,"href":"http:\/\/abujamou.org\/fr\/wp-json\/wp\/v2\/pages\/4234\/revisions"}],"predecessor-version":[{"id":4360,"href":"http:\/\/abujamou.org\/fr\/wp-json\/wp\/v2\/pages\/4234\/revisions\/4360"}],"up":[{"embeddable":true,"href":"http:\/\/abujamou.org\/fr\/wp-json\/wp\/v2\/pages\/4227"}],"wp:attachment":[{"href":"http:\/\/abujamou.org\/fr\/wp-json\/wp\/v2\/media?parent=4234"}],"curies":[{"name":"wp","href":"https:\/\/api.w.org\/{rel}","templated":true}]}}