{"id":4236,"date":"2022-08-10T01:46:28","date_gmt":"2022-08-10T01:46:28","guid":{"rendered":"http:\/\/rsfc.itbey.com\/?page_id=4236"},"modified":"2022-08-10T01:46:28","modified_gmt":"2022-08-10T01:46:28","slug":"appeal-procedure","status":"publish","type":"page","link":"http:\/\/abujamou.org\/fr\/amou\/procedure-dappel\/","title":{"rendered":"Proc\u00e9dure d&#039;appel"},"content":{"rendered":"<h2>Appel national<\/h2>\n<p>Lorsque des d\u00e9fauts sont constat\u00e9s qui rendent le navire inapte \u00e0 la navigation ou qui posent un risque d\u00e9raisonnable pour l&#039;environnement, le navire sera immobilis\u00e9. Le PSCO d\u00e9livrera un avis de d\u00e9tention au capitaine.<\/p>\n<p>Le PSCO informera le capitaine que le propri\u00e9taire\/exploitant du navire a le droit de faire appel.<\/p>\n<p>Les d\u00e9tails de l&#039;avis d&#039;appel se trouvent au verso de l&#039;avis de formulaire de d\u00e9tention et varient selon les \u00c9tats membres du MoU d&#039;Abuja.<\/p>\n<h2>Proc\u00e9dure de contr\u00f4le des motifs de d\u00e9tention<\/h2>\n<p>Dans le cas o\u00f9 un propri\u00e9taire ou un exploitant refuse d&#039;utiliser la proc\u00e9dure d&#039;appel nationale officielle mais souhaite n\u00e9anmoins se plaindre d&#039;une d\u00e9cision de d\u00e9tention, une telle plainte doit \u00eatre envoy\u00e9e \u00e0 l&#039;\u00c9tat du pavillon ou \u00e0 l&#039;organisme reconnu qui a d\u00e9livr\u00e9 les certificats statutaires au nom de l&#039;\u00c9tat du pavillon. .<\/p>\n<p>L&#039;\u00c9tat du pavillon ou l&#039;OR peut alors demander \u00e0 l&#039;\u00c9tat du port de reconsid\u00e9rer sa d\u00e9cision d&#039;immobiliser le navire.<\/p>\n<p>Si l&#039;\u00c9tat du pavillon ou l&#039;OR n&#039;est pas d&#039;accord avec le r\u00e9sultat de l&#039;enqu\u00eate mentionn\u00e9 ci-dessus, une demande de r\u00e9vision peut \u00eatre envoy\u00e9e au Secr\u00e9tariat du MdE d&#039;Abuja.<\/p>","protected":false},"excerpt":{"rendered":"<p>National Appeal When deficiencies are found which render the ship unfit to proceed or that poses an unreasonable risk to&#8230;<\/p>","protected":false},"author":1,"featured_media":0,"parent":4227,"menu_order":0,"comment_status":"closed","ping_status":"closed","template":"page-appeal-procedures.php","meta":{"footnotes":""},"class_list":["post-4236","page","type-page","status-publish","hentry"],"acf":[],"_links":{"self":[{"href":"http:\/\/abujamou.org\/fr\/wp-json\/wp\/v2\/pages\/4236","targetHints":{"allow":["GET"]}}],"collection":[{"href":"http:\/\/abujamou.org\/fr\/wp-json\/wp\/v2\/pages"}],"about":[{"href":"http:\/\/abujamou.org\/fr\/wp-json\/wp\/v2\/types\/page"}],"author":[{"embeddable":true,"href":"http:\/\/abujamou.org\/fr\/wp-json\/wp\/v2\/users\/1"}],"replies":[{"embeddable":true,"href":"http:\/\/abujamou.org\/fr\/wp-json\/wp\/v2\/comments?post=4236"}],"version-history":[{"count":0,"href":"http:\/\/abujamou.org\/fr\/wp-json\/wp\/v2\/pages\/4236\/revisions"}],"up":[{"embeddable":true,"href":"http:\/\/abujamou.org\/fr\/wp-json\/wp\/v2\/pages\/4227"}],"wp:attachment":[{"href":"http:\/\/abujamou.org\/fr\/wp-json\/wp\/v2\/media?parent=4236"}],"curies":[{"name":"wp","href":"https:\/\/api.w.org\/{rel}","templated":true}]}}