{"id":4201,"date":"2022-08-10T01:35:54","date_gmt":"2022-08-10T01:35:54","guid":{"rendered":"http:\/\/rsfc.itbey.com\/?page_id=4201"},"modified":"2023-08-02T14:09:42","modified_gmt":"2023-08-02T14:09:42","slug":"secretariat","status":"publish","type":"page","link":"http:\/\/abujamou.org\/pt\/about\/secretariado\/","title":{"rendered":"Secretariado"},"content":{"rendered":"<p>O Secretariado do MoU de Abuja \u00e9 chefiado por um Secret\u00e1rio-Geral e sediado pelo Governo da Rep\u00fablica Federal da Nig\u00e9ria. Pelo Acordo de Sede entre o MoU de Abuja e o Governo da Rep\u00fablica Federal da Nig\u00e9ria, assinado em 2005, o Secretariado do MoU de Abuja est\u00e1 localizado em Lagos, Nig\u00e9ria.<\/p>\n<p>Uma das principais tarefas do Secretariado \u00e9 fornecer apoio e orienta\u00e7\u00e3o aos Estados membros na implementa\u00e7\u00e3o das pr\u00e1ticas e procedimentos harmonizados de Inspe\u00e7\u00e3o de Controle do Estado do Porto, coletando relat\u00f3rios de inspe\u00e7\u00e3o, organizando as Reuni\u00f5es do Bureau, Confer\u00eancia Ministerial, Reuni\u00f5es de Comit\u00eas, Grupo de Trabalho de Gest\u00e3o Intersessional Reuni\u00f5es e outras reuni\u00f5es relevantes de tempos em tempos.<\/p>\n<p>A Secretaria tamb\u00e9m facilita a troca e compartilhamento de informa\u00e7\u00f5es, treinamento e workshops; e prepara\u00e7\u00e3o de relat\u00f3rios anuais, para citar alguns.<\/p>","protected":false},"excerpt":{"rendered":"<p>The Secretariat of the Abuja MoU is headed by a Secretary General and hosted by the Government of Federal Republic&#8230;<\/p>","protected":false},"author":1,"featured_media":0,"parent":46,"menu_order":0,"comment_status":"closed","ping_status":"closed","template":"page-secretariat.php","meta":{"footnotes":""},"class_list":["post-4201","page","type-page","status-publish","hentry"],"acf":[],"_links":{"self":[{"href":"http:\/\/abujamou.org\/pt\/wp-json\/wp\/v2\/pages\/4201","targetHints":{"allow":["GET"]}}],"collection":[{"href":"http:\/\/abujamou.org\/pt\/wp-json\/wp\/v2\/pages"}],"about":[{"href":"http:\/\/abujamou.org\/pt\/wp-json\/wp\/v2\/types\/page"}],"author":[{"embeddable":true,"href":"http:\/\/abujamou.org\/pt\/wp-json\/wp\/v2\/users\/1"}],"replies":[{"embeddable":true,"href":"http:\/\/abujamou.org\/pt\/wp-json\/wp\/v2\/comments?post=4201"}],"version-history":[{"count":3,"href":"http:\/\/abujamou.org\/pt\/wp-json\/wp\/v2\/pages\/4201\/revisions"}],"predecessor-version":[{"id":4598,"href":"http:\/\/abujamou.org\/pt\/wp-json\/wp\/v2\/pages\/4201\/revisions\/4598"}],"up":[{"embeddable":true,"href":"http:\/\/abujamou.org\/pt\/wp-json\/wp\/v2\/pages\/46"}],"wp:attachment":[{"href":"http:\/\/abujamou.org\/pt\/wp-json\/wp\/v2\/media?parent=4201"}],"curies":[{"name":"wp","href":"https:\/\/api.w.org\/{rel}","templated":true}]}}