{"id":4204,"date":"2022-08-10T01:39:00","date_gmt":"2022-08-10T01:39:00","guid":{"rendered":"http:\/\/rsfc.itbey.com\/?page_id=4204"},"modified":"2023-08-02T12:47:24","modified_gmt":"2023-08-02T12:47:24","slug":"structure","status":"publish","type":"page","link":"http:\/\/abujamou.org\/pt\/about\/estrutura\/","title":{"rendered":"Estrutura"},"content":{"rendered":"<p><img loading=\"lazy\" decoding=\"async\" class=\"alignnone wp-image-4310 size-full\" src=\"http:\/\/rsfc.itbey.com\/wp-content\/uploads\/2022\/10\/Organ.png\" alt=\"\" width=\"3800\" height=\"3100\" \/><\/p>\n<h2>Confer\u00eancia Ministerial<\/h2>\n<p>A Confer\u00eancia Ministerial do MoU de Abuja \u00e9 constitu\u00edda por todos os Ministros respons\u00e1veis pelos transportes mar\u00edtimos cujas administra\u00e7\u00f5es mar\u00edtimas s\u00e3o membros de pleno direito do MoU de Abuja e \u00e9 o mais alto \u00f3rg\u00e3o de decis\u00e3o do\u00a0<span class=\"v1SpellE\">AMOU<\/span>.<\/p>\n<h2>O escrit\u00f3rio<\/h2>\n<p>A Mesa \u00e9 composta por Ministros respons\u00e1veis pelos Transportes Mar\u00edtimos de cinco (5) Estados Membros de pleno direito do Memorando de Entendimento de Abuja. A Mesa fornece orienta\u00e7\u00f5es gerais ao Comit\u00e9 sobre quest\u00f5es relacionadas com a implementa\u00e7\u00e3o eficaz do Memorando de Entendimento e aprova as recomenda\u00e7\u00f5es do Comit\u00e9.<\/p>\n<h2>O Comit\u00ea<\/h2>\n<p>O Comit\u00e9 do Memorando de Entendimento de Abuja \u00e9 constitu\u00eddo por Representantes de cada uma das Autoridades\/Administra\u00e7\u00f5es Mar\u00edtimas que fazem parte do Memorando. A fun\u00e7\u00e3o do Comit\u00e9 \u00e9 supervisionar a implementa\u00e7\u00e3o geral do Memorando de Entendimento e executar tarefas espec\u00edficas que lhe s\u00e3o atribu\u00eddas no \u00e2mbito do Memorando.<\/p>\n<h2>Grupo de trabalho de gest\u00e3o intersessional<\/h2>\n<p>O Grupo de Trabalho de Gest\u00e3o Intersessional (AMoU ISMWG) foi criado para ajudar o Comit\u00e9 a concentrar-se em quest\u00f5es-chave e para dirigir o Secretariado do AMoU entre as reuni\u00f5es do Comit\u00e9. O ISMWG reunir-se-\u00e1 pelo menos duas vezes por ano e em outros momentos que o presidente do ISMWG julgar necess\u00e1rio. <\/p>","protected":false},"excerpt":{"rendered":"<p>Ministerial Conference The Ministerial Conference of Abuja MoU is constituted by all Ministers in charge of maritime transport whose maritime&#8230;<\/p>","protected":false},"author":1,"featured_media":0,"parent":46,"menu_order":0,"comment_status":"closed","ping_status":"closed","template":"page-org-structure.php","meta":{"footnotes":""},"class_list":["post-4204","page","type-page","status-publish","hentry"],"acf":[],"_links":{"self":[{"href":"http:\/\/abujamou.org\/pt\/wp-json\/wp\/v2\/pages\/4204","targetHints":{"allow":["GET"]}}],"collection":[{"href":"http:\/\/abujamou.org\/pt\/wp-json\/wp\/v2\/pages"}],"about":[{"href":"http:\/\/abujamou.org\/pt\/wp-json\/wp\/v2\/types\/page"}],"author":[{"embeddable":true,"href":"http:\/\/abujamou.org\/pt\/wp-json\/wp\/v2\/users\/1"}],"replies":[{"embeddable":true,"href":"http:\/\/abujamou.org\/pt\/wp-json\/wp\/v2\/comments?post=4204"}],"version-history":[{"count":3,"href":"http:\/\/abujamou.org\/pt\/wp-json\/wp\/v2\/pages\/4204\/revisions"}],"predecessor-version":[{"id":4595,"href":"http:\/\/abujamou.org\/pt\/wp-json\/wp\/v2\/pages\/4204\/revisions\/4595"}],"up":[{"embeddable":true,"href":"http:\/\/abujamou.org\/pt\/wp-json\/wp\/v2\/pages\/46"}],"wp:attachment":[{"href":"http:\/\/abujamou.org\/pt\/wp-json\/wp\/v2\/media?parent=4204"}],"curies":[{"name":"wp","href":"https:\/\/api.w.org\/{rel}","templated":true}]}}