{"id":4229,"date":"2022-08-10T01:44:48","date_gmt":"2022-08-10T01:44:48","guid":{"rendered":"http:\/\/rsfc.itbey.com\/?page_id=4229"},"modified":"2023-08-11T15:14:01","modified_gmt":"2023-08-11T15:14:01","slug":"ship-risk-profile","status":"publish","type":"page","link":"http:\/\/abujamou.org\/pt\/amo\/perfil-de-risco-do-navio\/","title":{"rendered":"Perfil de risco do navio"},"content":{"rendered":"<p>Todos os navios no sistema de informa\u00e7\u00e3o s\u00e3o classificados como de alto, padr\u00e3o ou baixo risco com base em par\u00e2metros gen\u00e9ricos e hist\u00f3ricos. A Tabela 1 mostra os crit\u00e9rios dentro de cada par\u00e2metro para cada perfil de risco do navio. Cada crit\u00e9rio tem uma pondera\u00e7\u00e3o que reflete a influ\u00eancia relativa de cada par\u00e2metro no risco global do navio. Navios de Alto Risco (HRS) s\u00e3o navios que cumprem crit\u00e9rios com um valor total de 4 ou mais pontos de pondera\u00e7\u00e3o. Navios de Baixo Risco (LRS) s\u00e3o navios que atendem a todos os crit\u00e9rios dos Par\u00e2metros de Baixo Risco e que passaram por pelo menos uma inspe\u00e7\u00e3o nos \u00faltimos 36 meses. Navios de risco padr\u00e3o (SRS) s\u00e3o navios que n\u00e3o s\u00e3o HRS nem LRS. O perfil de risco de um navio \u00e9 recalculado diariamente ou semanalmente tendo em conta altera\u00e7\u00f5es nos par\u00e2metros mais din\u00e2micos como a idade, o hist\u00f3rico de 36 meses e o desempenho da empresa.<\/p>\n<p>Ver <a href=\"https:\/\/abujamou.org\/wp-content\/uploads\/2023\/03\/Annex-7-8-NEW-INSPECTION-REGIME-NIR-Ship-Risk-Profile-Selection-Scheme.pdf\">Anexo 7 do Memorando de Entendimento de Abuja<\/a> texto para ler mais sobre o perfil de risco do navio.<\/p>\n<p>&nbsp;<\/p>","protected":false},"excerpt":{"rendered":"<p>All ships in the information system are assigned as high, standard or low risk based on generic and historic parameters&#8230;.<\/p>","protected":false},"author":1,"featured_media":0,"parent":4227,"menu_order":0,"comment_status":"closed","ping_status":"closed","template":"page-ship-risk-profile.php","meta":{"footnotes":""},"class_list":["post-4229","page","type-page","status-publish","hentry"],"acf":[],"_links":{"self":[{"href":"http:\/\/abujamou.org\/pt\/wp-json\/wp\/v2\/pages\/4229","targetHints":{"allow":["GET"]}}],"collection":[{"href":"http:\/\/abujamou.org\/pt\/wp-json\/wp\/v2\/pages"}],"about":[{"href":"http:\/\/abujamou.org\/pt\/wp-json\/wp\/v2\/types\/page"}],"author":[{"embeddable":true,"href":"http:\/\/abujamou.org\/pt\/wp-json\/wp\/v2\/users\/1"}],"replies":[{"embeddable":true,"href":"http:\/\/abujamou.org\/pt\/wp-json\/wp\/v2\/comments?post=4229"}],"version-history":[{"count":5,"href":"http:\/\/abujamou.org\/pt\/wp-json\/wp\/v2\/pages\/4229\/revisions"}],"predecessor-version":[{"id":4615,"href":"http:\/\/abujamou.org\/pt\/wp-json\/wp\/v2\/pages\/4229\/revisions\/4615"}],"up":[{"embeddable":true,"href":"http:\/\/abujamou.org\/pt\/wp-json\/wp\/v2\/pages\/4227"}],"wp:attachment":[{"href":"http:\/\/abujamou.org\/pt\/wp-json\/wp\/v2\/media?parent=4229"}],"curies":[{"name":"wp","href":"https:\/\/api.w.org\/{rel}","templated":true}]}}