{"id":4234,"date":"2022-08-10T01:46:07","date_gmt":"2022-08-10T01:46:07","guid":{"rendered":"http:\/\/rsfc.itbey.com\/?page_id=4234"},"modified":"2023-01-09T21:32:41","modified_gmt":"2023-01-09T21:32:41","slug":"concentrated-inspection-campaigns","status":"publish","type":"page","link":"http:\/\/abujamou.org\/pt\/amo\/campanhas-de-inspecao-concentrada\/","title":{"rendered":"Campanhas de Fiscaliza\u00e7\u00e3o Concentrada"},"content":{"rendered":"<p>As campanhas de inspe\u00e7\u00e3o concentradas centram-se em \u00e1reas espec\u00edficas onde pode existir um maior risco de incumprimento. Isto pode ser evidenciado pelo n\u00famero de defici\u00eancias encontradas, acidentes ou onde novos requisitos da conven\u00e7\u00e3o entraram recentemente em vigor. As campanhas acontecem anualmente durante um per\u00edodo de 3 meses (setembro a novembro) e s\u00e3o combinadas com uma inspe\u00e7\u00e3o regular.<\/p>","protected":false},"excerpt":{"rendered":"<p>Concentrated inspection campaigns focus on specific areas where a higher risk of non-compliance could exist. This could be evidenced by&#8230;<\/p>","protected":false},"author":1,"featured_media":0,"parent":4227,"menu_order":0,"comment_status":"closed","ping_status":"closed","template":"page-cic.php","meta":{"footnotes":""},"class_list":["post-4234","page","type-page","status-publish","hentry"],"acf":[],"_links":{"self":[{"href":"http:\/\/abujamou.org\/pt\/wp-json\/wp\/v2\/pages\/4234","targetHints":{"allow":["GET"]}}],"collection":[{"href":"http:\/\/abujamou.org\/pt\/wp-json\/wp\/v2\/pages"}],"about":[{"href":"http:\/\/abujamou.org\/pt\/wp-json\/wp\/v2\/types\/page"}],"author":[{"embeddable":true,"href":"http:\/\/abujamou.org\/pt\/wp-json\/wp\/v2\/users\/1"}],"replies":[{"embeddable":true,"href":"http:\/\/abujamou.org\/pt\/wp-json\/wp\/v2\/comments?post=4234"}],"version-history":[{"count":1,"href":"http:\/\/abujamou.org\/pt\/wp-json\/wp\/v2\/pages\/4234\/revisions"}],"predecessor-version":[{"id":4360,"href":"http:\/\/abujamou.org\/pt\/wp-json\/wp\/v2\/pages\/4234\/revisions\/4360"}],"up":[{"embeddable":true,"href":"http:\/\/abujamou.org\/pt\/wp-json\/wp\/v2\/pages\/4227"}],"wp:attachment":[{"href":"http:\/\/abujamou.org\/pt\/wp-json\/wp\/v2\/media?parent=4234"}],"curies":[{"name":"wp","href":"https:\/\/api.w.org\/{rel}","templated":true}]}}