{"id":4236,"date":"2022-08-10T01:46:28","date_gmt":"2022-08-10T01:46:28","guid":{"rendered":"http:\/\/rsfc.itbey.com\/?page_id=4236"},"modified":"2022-08-10T01:46:28","modified_gmt":"2022-08-10T01:46:28","slug":"appeal-procedure","status":"publish","type":"page","link":"http:\/\/abujamou.org\/pt\/amo\/procedimento-de-recurso\/","title":{"rendered":"Procedimento de Apela\u00e7\u00e3o"},"content":{"rendered":"<h2>Apelo Nacional<\/h2>\n<p>Quando forem encontradas defici\u00eancias que tornem o navio inapto para prosseguir ou que representem um risco excessivo ao meio ambiente, o navio ser\u00e1 detido. O PSCO emitir\u00e1 um aviso de deten\u00e7\u00e3o ao comandante.<\/p>\n<p>A PSCO informar\u00e1 ao comandante que o propriet\u00e1rio\/operador do navio tem o direito de recorrer.<\/p>\n<p>Os detalhes do aviso de recurso podem ser encontrados no verso do aviso do formul\u00e1rio de deten\u00e7\u00e3o e s\u00e3o diversos nos Estados membros do Memorando de Entendimento de Abuja.<\/p>\n<h2>Procedimento de revis\u00e3o de deten\u00e7\u00e3o<\/h2>\n<p>No caso de um propriet\u00e1rio ou operador se recusar a utilizar o procedimento oficial de recurso nacional, mas ainda desejar reclamar de uma decis\u00e3o de deten\u00e7\u00e3o, tal reclama\u00e7\u00e3o dever\u00e1 ser enviada ao Estado de bandeira ou \u00e0 Organiza\u00e7\u00e3o Reconhecida, que emitiu os Certificados legais em nome do Estado de bandeira. .<\/p>\n<p>O Estado de bandeira ou RO pode ent\u00e3o solicitar ao Estado do porto que reconsidere a sua decis\u00e3o de reter o navio.<\/p>\n<p>Se o Estado de bandeira ou a OR discordarem do resultado da investiga\u00e7\u00e3o acima mencionado, um pedido de revis\u00e3o poder\u00e1 ser enviado ao Secretariado do MOU de Abuja.<\/p>","protected":false},"excerpt":{"rendered":"<p>National Appeal When deficiencies are found which render the ship unfit to proceed or that poses an unreasonable risk to&#8230;<\/p>","protected":false},"author":1,"featured_media":0,"parent":4227,"menu_order":0,"comment_status":"closed","ping_status":"closed","template":"page-appeal-procedures.php","meta":{"footnotes":""},"class_list":["post-4236","page","type-page","status-publish","hentry"],"acf":[],"_links":{"self":[{"href":"http:\/\/abujamou.org\/pt\/wp-json\/wp\/v2\/pages\/4236","targetHints":{"allow":["GET"]}}],"collection":[{"href":"http:\/\/abujamou.org\/pt\/wp-json\/wp\/v2\/pages"}],"about":[{"href":"http:\/\/abujamou.org\/pt\/wp-json\/wp\/v2\/types\/page"}],"author":[{"embeddable":true,"href":"http:\/\/abujamou.org\/pt\/wp-json\/wp\/v2\/users\/1"}],"replies":[{"embeddable":true,"href":"http:\/\/abujamou.org\/pt\/wp-json\/wp\/v2\/comments?post=4236"}],"version-history":[{"count":0,"href":"http:\/\/abujamou.org\/pt\/wp-json\/wp\/v2\/pages\/4236\/revisions"}],"up":[{"embeddable":true,"href":"http:\/\/abujamou.org\/pt\/wp-json\/wp\/v2\/pages\/4227"}],"wp:attachment":[{"href":"http:\/\/abujamou.org\/pt\/wp-json\/wp\/v2\/media?parent=4236"}],"curies":[{"name":"wp","href":"https:\/\/api.w.org\/{rel}","templated":true}]}}