{"id":46,"date":"2020-03-25T17:47:47","date_gmt":"2020-03-25T17:47:47","guid":{"rendered":"http:\/\/ecopital.local\/?page_id=46"},"modified":"2023-08-01T12:13:32","modified_gmt":"2023-08-01T12:13:32","slug":"about","status":"publish","type":"page","link":"http:\/\/abujamou.org\/pt\/about\/","title":{"rendered":"Sobre"},"content":{"rendered":"<p>O Memorando de Entendimento sobre o Controlo pelo Estado do Porto para a Regi\u00e3o da \u00c1frica Ocidental e Central (MoU de Abuja) foi assinado numa Confer\u00eancia Ministerial realizada em Abuja, Nig\u00e9ria, por dezasseis Estados da \u00c1frica Ocidental e Central, em 22<sup>e<\/sup> de Outubro de 1999. A reuni\u00e3o foi organizada pela Organiza\u00e7\u00e3o Mar\u00edtima Internacional (IMO) e acolhida pelo governo da Rep\u00fablica Federal da Nig\u00e9ria.<\/p>\n<p>O Memorando de Entendimento de Abuja \u00e9 o documento legal ao abrigo do qual as autoridades mar\u00edtimas dos pa\u00edses da regi\u00e3o concordaram em desenvolver e implementar um mecanismo comum para as respectivas actividades de controlo do Estado do porto. O principal trabalho do MoU de Abuja \u00e9 a harmoniza\u00e7\u00e3o dos procedimentos e pr\u00e1ticas de controlo do Estado do porto de todos os pa\u00edses da regi\u00e3o, com o objectivo de eliminar a opera\u00e7\u00e3o de transporte mar\u00edtimo de qualidade inferior na regi\u00e3o, garantindo assim a seguran\u00e7a mar\u00edtima, a protec\u00e7\u00e3o, a protec\u00e7\u00e3o do nosso ambiente marinho contra a polui\u00e7\u00e3o, melhorar as condi\u00e7\u00f5es de trabalho e de vida da tripula\u00e7\u00e3o dos navios e facilitar a coopera\u00e7\u00e3o regional e o interc\u00e2mbio de informa\u00e7\u00f5es entre os Estados membros.<\/p>","protected":false},"excerpt":{"rendered":"<p>The Memorandum of Understanding on Port State Control for West and Central African Region (Abuja MoU) was signed at a&#8230;<\/p>","protected":false},"author":1,"featured_media":0,"parent":0,"menu_order":0,"comment_status":"closed","ping_status":"closed","template":"page-about.php","meta":{"footnotes":""},"class_list":["post-46","page","type-page","status-publish","hentry"],"acf":[],"_links":{"self":[{"href":"http:\/\/abujamou.org\/pt\/wp-json\/wp\/v2\/pages\/46","targetHints":{"allow":["GET"]}}],"collection":[{"href":"http:\/\/abujamou.org\/pt\/wp-json\/wp\/v2\/pages"}],"about":[{"href":"http:\/\/abujamou.org\/pt\/wp-json\/wp\/v2\/types\/page"}],"author":[{"embeddable":true,"href":"http:\/\/abujamou.org\/pt\/wp-json\/wp\/v2\/users\/1"}],"replies":[{"embeddable":true,"href":"http:\/\/abujamou.org\/pt\/wp-json\/wp\/v2\/comments?post=46"}],"version-history":[{"count":2,"href":"http:\/\/abujamou.org\/pt\/wp-json\/wp\/v2\/pages\/46\/revisions"}],"predecessor-version":[{"id":4593,"href":"http:\/\/abujamou.org\/pt\/wp-json\/wp\/v2\/pages\/46\/revisions\/4593"}],"wp:attachment":[{"href":"http:\/\/abujamou.org\/pt\/wp-json\/wp\/v2\/media?parent=46"}],"curies":[{"name":"wp","href":"https:\/\/api.w.org\/{rel}","templated":true}]}}