{"id":4201,"date":"2022-08-10T01:35:54","date_gmt":"2022-08-10T01:35:54","guid":{"rendered":"http:\/\/rsfc.itbey.com\/?page_id=4201"},"modified":"2023-08-02T14:09:42","modified_gmt":"2023-08-02T14:09:42","slug":"secretariat","status":"publish","type":"page","link":"https:\/\/abujamou.org\/es\/about\/secretaria\/","title":{"rendered":"Secretar\u00eda"},"content":{"rendered":"<p>La Secretar\u00eda del MoU de Abuja est\u00e1 encabezada por un Secretario General y albergada por el Gobierno de la Rep\u00fablica Federal de Nigeria. Por el Acuerdo de Sede entre el MoU de Abuja y el Gobierno de la Rep\u00fablica Federal de Nigeria firmado en 2005, la Secretar\u00eda del MoU de Abuja est\u00e1 ubicada en Lagos, Nigeria.<\/p>\n<p>Una de las tareas principales de la Secretar\u00eda es brindar apoyo y orientaci\u00f3n a los Estados miembros sobre la implementaci\u00f3n de las pr\u00e1cticas y procedimientos armonizados de inspecci\u00f3n de control por el Estado rector del puerto, cotejar los informes de inspecci\u00f3n, organizar las reuniones de la Mesa, la Conferencia Ministerial, las reuniones de los comit\u00e9s y el grupo de trabajo de gesti\u00f3n entre sesiones. Reuniones y otras reuniones pertinentes de vez en cuando.<\/p>\n<p>La Secretar\u00eda tambi\u00e9n facilita el intercambio y el intercambio de informaci\u00f3n, la capacitaci\u00f3n y los talleres; y preparaci\u00f3n de informes anuales por mencionar algunos.<\/p>","protected":false},"excerpt":{"rendered":"<p>The Secretariat of the Abuja MoU is headed by a Secretary General and hosted by the Government of Federal Republic&#8230;<\/p>","protected":false},"author":1,"featured_media":0,"parent":46,"menu_order":0,"comment_status":"closed","ping_status":"closed","template":"page-secretariat.php","meta":{"footnotes":""},"class_list":["post-4201","page","type-page","status-publish","hentry"],"acf":[],"_links":{"self":[{"href":"https:\/\/abujamou.org\/es\/wp-json\/wp\/v2\/pages\/4201","targetHints":{"allow":["GET"]}}],"collection":[{"href":"https:\/\/abujamou.org\/es\/wp-json\/wp\/v2\/pages"}],"about":[{"href":"https:\/\/abujamou.org\/es\/wp-json\/wp\/v2\/types\/page"}],"author":[{"embeddable":true,"href":"https:\/\/abujamou.org\/es\/wp-json\/wp\/v2\/users\/1"}],"replies":[{"embeddable":true,"href":"https:\/\/abujamou.org\/es\/wp-json\/wp\/v2\/comments?post=4201"}],"version-history":[{"count":3,"href":"https:\/\/abujamou.org\/es\/wp-json\/wp\/v2\/pages\/4201\/revisions"}],"predecessor-version":[{"id":4598,"href":"https:\/\/abujamou.org\/es\/wp-json\/wp\/v2\/pages\/4201\/revisions\/4598"}],"up":[{"embeddable":true,"href":"https:\/\/abujamou.org\/es\/wp-json\/wp\/v2\/pages\/46"}],"wp:attachment":[{"href":"https:\/\/abujamou.org\/es\/wp-json\/wp\/v2\/media?parent=4201"}],"curies":[{"name":"wp","href":"https:\/\/api.w.org\/{rel}","templated":true}]}}