{"id":4204,"date":"2022-08-10T01:39:00","date_gmt":"2022-08-10T01:39:00","guid":{"rendered":"http:\/\/rsfc.itbey.com\/?page_id=4204"},"modified":"2023-08-02T12:47:24","modified_gmt":"2023-08-02T12:47:24","slug":"structure","status":"publish","type":"page","link":"https:\/\/abujamou.org\/es\/about\/estructura\/","title":{"rendered":"Estructura"},"content":{"rendered":"<p><img loading=\"lazy\" decoding=\"async\" class=\"alignnone wp-image-4310 size-full\" src=\"http:\/\/rsfc.itbey.com\/wp-content\/uploads\/2022\/10\/Organ.png\" alt=\"\" width=\"3800\" height=\"3100\" \/><\/p>\n<h2>Conferencia Ministerial<\/h2>\n<p>La Conferencia Ministerial del MoU de Abuja est\u00e1 constituida por todos los Ministros encargados del transporte mar\u00edtimo cuyas administraciones mar\u00edtimas son miembros de pleno derecho del MoU de Abuja y es el m\u00e1ximo \u00f3rgano de toma de decisiones del\u00a0<span class=\"v1SpellE\">AMoU<\/span>.<\/p>\n<h2>El Bur\u00f3<\/h2>\n<p>La Mesa est\u00e1 formada por Ministros encargados del Transporte Mar\u00edtimo de cinco (5) Estados miembros de pleno derecho del MoU de Abuja. La Mesa proporciona direcci\u00f3n general al Comit\u00e9 sobre asuntos relacionados con la implementaci\u00f3n efectiva del MoU y aprueba las recomendaciones del Comit\u00e9.<\/p>\n<h2>El Comit\u00e9<\/h2>\n<p>El Comit\u00e9 del MoU de Abuja est\u00e1 constituido por representantes de cada una de las autoridades\/administraciones mar\u00edtimas que son parte del Memorando. La funci\u00f3n del Comit\u00e9 es supervisar la implementaci\u00f3n general del MoU y llevar\u00e1 a cabo tareas espec\u00edficas que le sean asignadas en virtud del Memorando.<\/p>\n<h2>Grupo de trabajo de gesti\u00f3n entre sesiones<\/h2>\n<p>El Grupo de Trabajo de Gesti\u00f3n Intersesional (AMoU ISMWG) se estableci\u00f3 para ayudar al Comit\u00e9 a centrarse en cuestiones clave y dirigir la Secretar\u00eda del AMoU entre reuniones del Comit\u00e9. El ISMWG se reunir\u00e1 al menos dos veces al a\u00f1o y en cualquier otro momento que el presidente del ISMWG considere necesario. <\/p>","protected":false},"excerpt":{"rendered":"<p>Ministerial Conference The Ministerial Conference of Abuja MoU is constituted by all Ministers in charge of maritime transport whose maritime&#8230;<\/p>","protected":false},"author":1,"featured_media":0,"parent":46,"menu_order":0,"comment_status":"closed","ping_status":"closed","template":"page-org-structure.php","meta":{"footnotes":""},"class_list":["post-4204","page","type-page","status-publish","hentry"],"acf":[],"_links":{"self":[{"href":"https:\/\/abujamou.org\/es\/wp-json\/wp\/v2\/pages\/4204","targetHints":{"allow":["GET"]}}],"collection":[{"href":"https:\/\/abujamou.org\/es\/wp-json\/wp\/v2\/pages"}],"about":[{"href":"https:\/\/abujamou.org\/es\/wp-json\/wp\/v2\/types\/page"}],"author":[{"embeddable":true,"href":"https:\/\/abujamou.org\/es\/wp-json\/wp\/v2\/users\/1"}],"replies":[{"embeddable":true,"href":"https:\/\/abujamou.org\/es\/wp-json\/wp\/v2\/comments?post=4204"}],"version-history":[{"count":3,"href":"https:\/\/abujamou.org\/es\/wp-json\/wp\/v2\/pages\/4204\/revisions"}],"predecessor-version":[{"id":4595,"href":"https:\/\/abujamou.org\/es\/wp-json\/wp\/v2\/pages\/4204\/revisions\/4595"}],"up":[{"embeddable":true,"href":"https:\/\/abujamou.org\/es\/wp-json\/wp\/v2\/pages\/46"}],"wp:attachment":[{"href":"https:\/\/abujamou.org\/es\/wp-json\/wp\/v2\/media?parent=4204"}],"curies":[{"name":"wp","href":"https:\/\/api.w.org\/{rel}","templated":true}]}}