{"id":4236,"date":"2022-08-10T01:46:28","date_gmt":"2022-08-10T01:46:28","guid":{"rendered":"http:\/\/rsfc.itbey.com\/?page_id=4236"},"modified":"2022-08-10T01:46:28","modified_gmt":"2022-08-10T01:46:28","slug":"appeal-procedure","status":"publish","type":"page","link":"https:\/\/abujamou.org\/es\/amou\/procedimiento-de-apelacion\/","title":{"rendered":"Procedimiento de apelaci\u00f3n"},"content":{"rendered":"<h2>Llamamiento Nacional<\/h2>\n<p>Cuando se encuentren deficiencias que hagan que el buque no sea apto para navegar o que representen un riesgo irrazonable para el medio ambiente, el buque ser\u00e1 detenido. El PSCO emitir\u00e1 un aviso de detenci\u00f3n al capit\u00e1n.<\/p>\n<p>El PSCO informar\u00e1 al capit\u00e1n que el propietario\/operador del buque tiene derecho a apelar.<\/p>\n<p>Los detalles del aviso de apelaci\u00f3n se pueden encontrar en el reverso del formulario de aviso de detenci\u00f3n y son diversos en los Estados miembros del MoU de Abuja.<\/p>\n<h2>Procedimiento de revisi\u00f3n de detenci\u00f3n<\/h2>\n<p>En caso de que un propietario u operador se niegue a utilizar el procedimiento de apelaci\u00f3n nacional oficial pero a\u00fan desee presentar una queja sobre una decisi\u00f3n de detenci\u00f3n, dicha queja debe enviarse al Estado del pabell\u00f3n o a la Organizaci\u00f3n reconocida, que emiti\u00f3 los Certificados reglamentarios en nombre del Estado del pabell\u00f3n. .<\/p>\n<p>El Estado del pabell\u00f3n o la RO puede pedir al Estado rector del puerto que reconsidere su decisi\u00f3n de detener el buque.<\/p>\n<p>Si el Estado del pabell\u00f3n o la RO no est\u00e1 de acuerdo con el resultado de la investigaci\u00f3n como se mencion\u00f3 anteriormente, se puede enviar una solicitud de revisi\u00f3n a la Secretar\u00eda del MOU de Abuja.<\/p>","protected":false},"excerpt":{"rendered":"<p>National Appeal When deficiencies are found which render the ship unfit to proceed or that poses an unreasonable risk to&#8230;<\/p>","protected":false},"author":1,"featured_media":0,"parent":4227,"menu_order":0,"comment_status":"closed","ping_status":"closed","template":"page-appeal-procedures.php","meta":{"footnotes":""},"class_list":["post-4236","page","type-page","status-publish","hentry"],"acf":[],"_links":{"self":[{"href":"https:\/\/abujamou.org\/es\/wp-json\/wp\/v2\/pages\/4236","targetHints":{"allow":["GET"]}}],"collection":[{"href":"https:\/\/abujamou.org\/es\/wp-json\/wp\/v2\/pages"}],"about":[{"href":"https:\/\/abujamou.org\/es\/wp-json\/wp\/v2\/types\/page"}],"author":[{"embeddable":true,"href":"https:\/\/abujamou.org\/es\/wp-json\/wp\/v2\/users\/1"}],"replies":[{"embeddable":true,"href":"https:\/\/abujamou.org\/es\/wp-json\/wp\/v2\/comments?post=4236"}],"version-history":[{"count":0,"href":"https:\/\/abujamou.org\/es\/wp-json\/wp\/v2\/pages\/4236\/revisions"}],"up":[{"embeddable":true,"href":"https:\/\/abujamou.org\/es\/wp-json\/wp\/v2\/pages\/4227"}],"wp:attachment":[{"href":"https:\/\/abujamou.org\/es\/wp-json\/wp\/v2\/media?parent=4236"}],"curies":[{"name":"wp","href":"https:\/\/api.w.org\/{rel}","templated":true}]}}