{"id":46,"date":"2020-03-25T17:47:47","date_gmt":"2020-03-25T17:47:47","guid":{"rendered":"http:\/\/ecopital.local\/?page_id=46"},"modified":"2023-08-01T12:13:32","modified_gmt":"2023-08-01T12:13:32","slug":"about","status":"publish","type":"page","link":"https:\/\/abujamou.org\/es\/about\/","title":{"rendered":"Acerca de"},"content":{"rendered":"<p>El Memorando de Entendimiento sobre el Control del Estado Rector del Puerto para la Regi\u00f3n de \u00c1frica Occidental y Central (MoU de Abuja) fue firmado en una Conferencia Ministerial celebrada en Abuja, Nigeria, por diecis\u00e9is Estados de \u00c1frica Occidental y Central el 22<sup>Dakota del Norte<\/sup> de octubre de 1999. La reuni\u00f3n fue organizada por la Organizaci\u00f3n Mar\u00edtima Internacional (OMI) y acogida por el gobierno de la Rep\u00fablica Federal de Nigeria.<\/p>\n<p>El Memorando de Entendimiento de Abuja es el documento legal en virtud del cual las autoridades mar\u00edtimas de los pa\u00edses de la regi\u00f3n acordaron desarrollar e implementar un mecanismo com\u00fan para las respectivas actividades de control del Estado rector del puerto. El trabajo principal del MoU de Abuja es la armonizaci\u00f3n de los procedimientos y pr\u00e1cticas de control del estado del puerto de todos los pa\u00edses de la regi\u00f3n con el objetivo de eliminar la operaci\u00f3n de transporte mar\u00edtimo deficiente dentro de la regi\u00f3n, garantizando as\u00ed la seguridad mar\u00edtima, la protecci\u00f3n y la protecci\u00f3n de nuestro medio marino contra la contaminaci\u00f3n. mejorar las condiciones de vida y de trabajo de la tripulaci\u00f3n de los buques, y facilitar la cooperaci\u00f3n regional y el intercambio de informaci\u00f3n entre los Estados miembros.<\/p>","protected":false},"excerpt":{"rendered":"<p>The Memorandum of Understanding on Port State Control for West and Central African Region (Abuja MoU) was signed at a&#8230;<\/p>","protected":false},"author":1,"featured_media":0,"parent":0,"menu_order":0,"comment_status":"closed","ping_status":"closed","template":"page-about.php","meta":{"footnotes":""},"class_list":["post-46","page","type-page","status-publish","hentry"],"acf":[],"_links":{"self":[{"href":"https:\/\/abujamou.org\/es\/wp-json\/wp\/v2\/pages\/46","targetHints":{"allow":["GET"]}}],"collection":[{"href":"https:\/\/abujamou.org\/es\/wp-json\/wp\/v2\/pages"}],"about":[{"href":"https:\/\/abujamou.org\/es\/wp-json\/wp\/v2\/types\/page"}],"author":[{"embeddable":true,"href":"https:\/\/abujamou.org\/es\/wp-json\/wp\/v2\/users\/1"}],"replies":[{"embeddable":true,"href":"https:\/\/abujamou.org\/es\/wp-json\/wp\/v2\/comments?post=46"}],"version-history":[{"count":2,"href":"https:\/\/abujamou.org\/es\/wp-json\/wp\/v2\/pages\/46\/revisions"}],"predecessor-version":[{"id":4593,"href":"https:\/\/abujamou.org\/es\/wp-json\/wp\/v2\/pages\/46\/revisions\/4593"}],"wp:attachment":[{"href":"https:\/\/abujamou.org\/es\/wp-json\/wp\/v2\/media?parent=46"}],"curies":[{"name":"wp","href":"https:\/\/api.w.org\/{rel}","templated":true}]}}