{"id":4229,"date":"2022-08-10T01:44:48","date_gmt":"2022-08-10T01:44:48","guid":{"rendered":"http:\/\/rsfc.itbey.com\/?page_id=4229"},"modified":"2023-08-11T15:14:01","modified_gmt":"2023-08-11T15:14:01","slug":"ship-risk-profile","status":"publish","type":"page","link":"https:\/\/abujamou.org\/fr\/amou\/profil-de-risque-du-navire\/","title":{"rendered":"Profil de risque du navire"},"content":{"rendered":"<p>Tous les navires du syst\u00e8me d&#039;information sont class\u00e9s comme pr\u00e9sentant un risque \u00e9lev\u00e9, standard ou faible en fonction de param\u00e8tres g\u00e9n\u00e9riques et historiques. Le tableau 1 pr\u00e9sente les crit\u00e8res de chaque param\u00e8tre pour chaque profil de risque du navire. Chaque crit\u00e8re a une pond\u00e9ration qui refl\u00e8te l&#039;influence relative de chaque param\u00e8tre sur le risque global du navire. Les navires \u00e0 haut risque (HRS) sont des navires qui r\u00e9pondent aux crit\u00e8res d&#039;une valeur totale de 4 points de pond\u00e9ration ou plus. Les navires \u00e0 faible risque (LRS) sont des navires qui r\u00e9pondent \u00e0 tous les crit\u00e8res des param\u00e8tres \u00e0 faible risque et qui ont fait l&#039;objet d&#039;au moins une inspection au cours des 36 mois pr\u00e9c\u00e9dents. Les navires \u00e0 risque standard (SRS) sont des navires qui ne sont ni des HRS ni des LRS. Le profil de risque d&#039;un navire est recalcul\u00e9 quotidiennement ou hebdomadairement en tenant compte de l&#039;\u00e9volution des param\u00e8tres les plus dynamiques tels que l&#039;\u00e2ge, l&#039;historique sur 36 mois et les performances de l&#039;entreprise.<\/p>\n<p>Voir <a href=\"https:\/\/abujamou.org\/wp-content\/uploads\/2023\/03\/Annex-7-8-NEW-INSPECTION-REGIME-NIR-Ship-Risk-Profile-Selection-Scheme.pdf\">Annexe 7 du MoU d&#039;Abuja<\/a> texte pour en savoir plus sur le profil de risque du navire.<\/p>\n<p>&nbsp;<\/p>","protected":false},"excerpt":{"rendered":"<p>All ships in the information system are assigned as high, standard or low risk based on generic and historic parameters&#8230;.<\/p>","protected":false},"author":1,"featured_media":0,"parent":4227,"menu_order":0,"comment_status":"closed","ping_status":"closed","template":"page-ship-risk-profile.php","meta":{"footnotes":""},"class_list":["post-4229","page","type-page","status-publish","hentry"],"acf":[],"_links":{"self":[{"href":"https:\/\/abujamou.org\/fr\/wp-json\/wp\/v2\/pages\/4229","targetHints":{"allow":["GET"]}}],"collection":[{"href":"https:\/\/abujamou.org\/fr\/wp-json\/wp\/v2\/pages"}],"about":[{"href":"https:\/\/abujamou.org\/fr\/wp-json\/wp\/v2\/types\/page"}],"author":[{"embeddable":true,"href":"https:\/\/abujamou.org\/fr\/wp-json\/wp\/v2\/users\/1"}],"replies":[{"embeddable":true,"href":"https:\/\/abujamou.org\/fr\/wp-json\/wp\/v2\/comments?post=4229"}],"version-history":[{"count":5,"href":"https:\/\/abujamou.org\/fr\/wp-json\/wp\/v2\/pages\/4229\/revisions"}],"predecessor-version":[{"id":4615,"href":"https:\/\/abujamou.org\/fr\/wp-json\/wp\/v2\/pages\/4229\/revisions\/4615"}],"up":[{"embeddable":true,"href":"https:\/\/abujamou.org\/fr\/wp-json\/wp\/v2\/pages\/4227"}],"wp:attachment":[{"href":"https:\/\/abujamou.org\/fr\/wp-json\/wp\/v2\/media?parent=4229"}],"curies":[{"name":"wp","href":"https:\/\/api.w.org\/{rel}","templated":true}]}}