{"id":46,"date":"2020-03-25T17:47:47","date_gmt":"2020-03-25T17:47:47","guid":{"rendered":"http:\/\/ecopital.local\/?page_id=46"},"modified":"2023-08-01T12:13:32","modified_gmt":"2023-08-01T12:13:32","slug":"about","status":"publish","type":"page","link":"https:\/\/abujamou.org\/fr\/about\/","title":{"rendered":"\u00c0 propos"},"content":{"rendered":"<p>Le M\u00e9morandum d&#039;accord sur le contr\u00f4le par l&#039;\u00c9tat du port pour la r\u00e9gion de l&#039;Afrique de l&#039;Ouest et du Centre (MoU d&#039;Abuja) a \u00e9t\u00e9 sign\u00e9 lors d&#039;une conf\u00e9rence minist\u00e9rielle tenue \u00e0 Abuja, au Nigeria, par seize \u00c9tats d&#039;Afrique de l&#039;Ouest et du Centre le 22.<sup>sd<\/sup> d&#039;octobre 1999. La r\u00e9union \u00e9tait organis\u00e9e par l&#039;Organisation maritime internationale (OMI) et accueillie par le gouvernement de la R\u00e9publique f\u00e9d\u00e9rale du Nig\u00e9ria.<\/p>\n<p>Le M\u00e9morandum d&#039;accord d&#039;Abuja est le document juridique en vertu duquel les autorit\u00e9s maritimes des pays de la r\u00e9gion ont convenu d&#039;\u00e9laborer et de mettre en \u0153uvre un m\u00e9canisme commun pour les activit\u00e9s respectives de contr\u00f4le par l&#039;\u00c9tat du port. Le travail principal du MoU d&#039;Abuja est l&#039;harmonisation des proc\u00e9dures et pratiques de contr\u00f4le par l&#039;\u00c9tat du port de tous les pays de la r\u00e9gion visant \u00e0 \u00e9liminer l&#039;exploitation de navires de qualit\u00e9 inf\u00e9rieure dans la r\u00e9gion, garantissant ainsi la s\u00fbret\u00e9 et la s\u00e9curit\u00e9 maritimes, la protection de notre environnement marin contre la pollution, am\u00e9liorer les conditions de travail et de vie des \u00e9quipages des navires et faciliter la coop\u00e9ration r\u00e9gionale et l\u2019\u00e9change d\u2019informations entre les \u00c9tats membres.<\/p>","protected":false},"excerpt":{"rendered":"<p>The Memorandum of Understanding on Port State Control for West and Central African Region (Abuja MoU) was signed at a&#8230;<\/p>","protected":false},"author":1,"featured_media":0,"parent":0,"menu_order":0,"comment_status":"closed","ping_status":"closed","template":"page-about.php","meta":{"footnotes":""},"class_list":["post-46","page","type-page","status-publish","hentry"],"acf":[],"_links":{"self":[{"href":"https:\/\/abujamou.org\/fr\/wp-json\/wp\/v2\/pages\/46","targetHints":{"allow":["GET"]}}],"collection":[{"href":"https:\/\/abujamou.org\/fr\/wp-json\/wp\/v2\/pages"}],"about":[{"href":"https:\/\/abujamou.org\/fr\/wp-json\/wp\/v2\/types\/page"}],"author":[{"embeddable":true,"href":"https:\/\/abujamou.org\/fr\/wp-json\/wp\/v2\/users\/1"}],"replies":[{"embeddable":true,"href":"https:\/\/abujamou.org\/fr\/wp-json\/wp\/v2\/comments?post=46"}],"version-history":[{"count":2,"href":"https:\/\/abujamou.org\/fr\/wp-json\/wp\/v2\/pages\/46\/revisions"}],"predecessor-version":[{"id":4593,"href":"https:\/\/abujamou.org\/fr\/wp-json\/wp\/v2\/pages\/46\/revisions\/4593"}],"wp:attachment":[{"href":"https:\/\/abujamou.org\/fr\/wp-json\/wp\/v2\/media?parent=46"}],"curies":[{"name":"wp","href":"https:\/\/api.w.org\/{rel}","templated":true}]}}